{"id":3738,"date":"2020-05-26T12:04:13","date_gmt":"2020-05-26T12:04:13","guid":{"rendered":"https:\/\/taxrightss.com\/?page_id=3738"},"modified":"2026-02-13T00:27:54","modified_gmt":"2026-02-13T00:27:54","slug":"aboutus","status":"publish","type":"page","link":"https:\/\/taxrightss.com\/es\/aboutus\/","title":{"rendered":"Acerca de"},"content":{"rendered":"<div data-elementor-type=\"wp-page\" data-elementor-id=\"3738\" class=\"elementor elementor-3738\" data-elementor-post-type=\"page\">\n\t\t\t\t<div class=\"elementor-element elementor-element-19d7b08 e-flex e-con-boxed sc_layouts_column_icons_position_left e-con e-parent\" data-id=\"19d7b08\" data-element_type=\"container\" data-e-type=\"container\" data-settings=\"{&quot;background_background&quot;:&quot;classic&quot;}\">\n\t\t\t\t\t<div class=\"e-con-inner\">\n\t\t\t\t<div data-animation-type=\"block\" class=\"elementor-element elementor-element-705336e scheme_light animated-slow animation_type_block sc_fly_static elementor-invisible elementor-widget elementor-widget-heading\" data-id=\"705336e\" data-element_type=\"widget\" data-e-type=\"widget\" data-settings=\"{&quot;_animation&quot;:&quot;fadeInUp&quot;}\" data-widget_type=\"heading.default\">\n\t\t\t\t<div class=\"elementor-widget-container\">\n\t\t\t\t\t<h2 class=\"elementor-heading-title elementor-size-default\">Acerca de<\/h2>\t\t\t\t<\/div>\n\t\t\t\t<\/div>\n\t\t\t\t\t<\/div>\n\t\t\t\t<\/div>\n\t\t\t\t<section class=\"elementor-section elementor-top-section elementor-element elementor-element-1362a9b elementor-section-boxed elementor-section-height-default elementor-section-height-default sc_fly_static\" data-id=\"1362a9b\" data-element_type=\"section\" data-e-type=\"section\">\n\t\t\t\t\t\t<div class=\"elementor-container elementor-column-gap-extended\">\n\t\t\t\t\t<div class=\"elementor-column elementor-col-100 elementor-top-column elementor-element elementor-element-9da41d7 sc_content_align_inherit sc_layouts_column_icons_position_left sc_fly_static\" data-id=\"9da41d7\" data-element_type=\"column\" data-e-type=\"column\">\n\t\t\t<div class=\"elementor-widget-wrap elementor-element-populated\">\n\t\t\t\t\t\t<div class=\"elementor-element elementor-element-06fb7f2 sc_height_huge sc_fly_static elementor-widget elementor-widget-spacer\" data-id=\"06fb7f2\" data-element_type=\"widget\" data-e-type=\"widget\" data-widget_type=\"spacer.default\">\n\t\t\t\t<div class=\"elementor-widget-container\">\n\t\t\t\t\t\t\t<div class=\"elementor-spacer\">\n\t\t\t<div class=\"elementor-spacer-inner\"><\/div>\n\t\t<\/div>\n\t\t\t\t\t\t<\/div>\n\t\t\t\t<\/div>\n\t\t\t\t\t<\/div>\n\t\t<\/div>\n\t\t\t\t\t<\/div>\n\t\t<\/section>\n\t\t\t\t<section class=\"elementor-section elementor-top-section elementor-element elementor-element-8f7191e elementor-section-content-middle elementor-section-boxed elementor-section-height-default elementor-section-height-default sc_fly_static\" data-id=\"8f7191e\" data-element_type=\"section\" data-e-type=\"section\">\n\t\t\t\t\t\t<div class=\"elementor-container elementor-column-gap-extended\">\n\t\t\t\t\t<div class=\"elementor-column elementor-col-50 elementor-top-column elementor-element elementor-element-d1fdf5d sc_content_align_inherit sc_layouts_column_icons_position_left sc_fly_static\" data-id=\"d1fdf5d\" data-element_type=\"column\" data-e-type=\"column\">\n\t\t\t<div class=\"elementor-widget-wrap elementor-element-populated\">\n\t\t\t\t\t\t<div class=\"elementor-element elementor-element-e6c97d0 no-title sc_fly_static elementor-widget elementor-widget-image\" data-id=\"e6c97d0\" data-element_type=\"widget\" data-e-type=\"widget\" data-widget_type=\"image.default\">\n\t\t\t\t<div class=\"elementor-widget-container\">\n\t\t\t\t\t\t\t\t\t\t\t\t\t\t\t<img fetchpriority=\"high\" decoding=\"async\" width=\"1024\" height=\"1536\" src=\"https:\/\/taxrightss.com\/wp-content\/uploads\/2025\/12\/tax.png\" class=\"attachment-full size-full wp-image-23252\" alt=\"\" srcset=\"https:\/\/taxrightss.com\/wp-content\/uploads\/2025\/12\/tax.png 1024w, https:\/\/taxrightss.com\/wp-content\/uploads\/2025\/12\/tax-200x300.png 200w, https:\/\/taxrightss.com\/wp-content\/uploads\/2025\/12\/tax-683x1024.png 683w, https:\/\/taxrightss.com\/wp-content\/uploads\/2025\/12\/tax-768x1152.png 768w, https:\/\/taxrightss.com\/wp-content\/uploads\/2025\/12\/tax-8x12.png 8w, https:\/\/taxrightss.com\/wp-content\/uploads\/2025\/12\/tax-370x555.png 370w, https:\/\/taxrightss.com\/wp-content\/uploads\/2025\/12\/tax-840x1260.png 840w, https:\/\/taxrightss.com\/wp-content\/uploads\/2025\/12\/tax-410x615.png 410w, https:\/\/taxrightss.com\/wp-content\/uploads\/2025\/12\/tax-600x900.png 600w\" sizes=\"(max-width: 1024px) 100vw, 1024px\" \/>\t\t\t\t\t\t\t\t\t\t\t\t\t\t\t<\/div>\n\t\t\t\t<\/div>\n\t\t\t\t\t<\/div>\n\t\t<\/div>\n\t\t\t\t<div class=\"elementor-column elementor-col-50 elementor-top-column elementor-element elementor-element-ca63f12 sc_content_align_inherit sc_layouts_column_icons_position_left sc_fly_static\" data-id=\"ca63f12\" data-element_type=\"column\" data-e-type=\"column\">\n\t\t\t<div class=\"elementor-widget-wrap elementor-element-populated\">\n\t\t\t\t\t\t<div class=\"elementor-element elementor-element-6f53071 sc_fly_static elementor-widget elementor-widget-trx_sc_title\" data-id=\"6f53071\" data-element_type=\"widget\" data-e-type=\"widget\" data-widget_type=\"trx_sc_title.default\">\n\t\t\t\t<div class=\"elementor-widget-container\">\n\t\t\t\t\t<div\t\tclass=\"sc_title sc_title_default\" ><span class=\"sc_item_subtitle sc_title_subtitle sc_item_subtitle_above sc_item_title_style_default\">ariana retana<\/span><h1 class=\"sc_item_title sc_title_title sc_item_title_style_default sc_item_title_tag trx_addons_inline_354294124\"\n\t\t\t><span class=\"sc_item_title_text\">Fundadora <br>Profesional de Impuestos<\/span><\/h1><div class=\"sc_item_descr sc_title_descr\"><p>Nuestra historia comenz\u00f3 hace 14 a\u00f1os cuando nuestra fundadora y propietaria tom\u00f3 la valiente decisi\u00f3n de mudarse de M\u00e9xico a los EE. UU. Al igual que muchos inmigrantes, esperaba que su formaci\u00f3n como Ingeniera en Sistemas Computacionales le abriera las puertas a nuevas oportunidades. Esto la llev\u00f3 a trabajar en una empresa de preparaci\u00f3n de impuestos y seguros, donde descubri\u00f3 su verdadera pasi\u00f3n por servir a la comunidad hispana.<\/p>\n<p>Impulsada por esta nueva pasi\u00f3n, lanz\u00f3 su propio negocio, ofreciendo servicios de preparaci\u00f3n de impuestos individuales a la comunidad de habla hispana en Midland. Y fue as\u00ed como, a trav\u00e9s de a\u00f1os de servicio, dedicaci\u00f3n y el apoyo inquebrantable de nuestros clientes, el sue\u00f1o de expandir nuestros servicios para satisfacer sus necesidades crecientes se hizo realidad.  Y fue as\u00ed como hace seis a\u00f1os, naci\u00f3 Tax Right Services.<\/p>\n<p>Hoy en d\u00eda, seguimos evolucionando, manteni\u00e9ndonos actualizados y competentes con los cambios en las leyes fiscales para brindar el mejor servicio. \n\nNuestro compromiso con la educaci\u00f3n continua y la preparaci\u00f3n, adem\u00e1s de las conexiones comerciales nos permite estar siempre listos para enfrentar los nuevos desaf\u00edos y apoyar a nuestros clientes.<\/p>\n<\/div><\/div>\t\t\t\t<\/div>\n\t\t\t\t<\/div>\n\t\t\t\t<div class=\"elementor-element elementor-element-f1e0184 sc_height_small sc_fly_static elementor-widget elementor-widget-spacer\" data-id=\"f1e0184\" data-element_type=\"widget\" data-e-type=\"widget\" data-widget_type=\"spacer.default\">\n\t\t\t\t<div class=\"elementor-widget-container\">\n\t\t\t\t\t\t\t<div class=\"elementor-spacer\">\n\t\t\t<div class=\"elementor-spacer-inner\"><\/div>\n\t\t<\/div>\n\t\t\t\t\t\t<\/div>\n\t\t\t\t<\/div>\n\t\t\t\t<div class=\"elementor-element elementor-element-d0791a2 sc_fly_static elementor-widget elementor-widget-trx_sc_button\" data-id=\"d0791a2\" data-element_type=\"widget\" data-e-type=\"widget\" data-widget_type=\"trx_sc_button.default\">\n\t\t\t\t<div class=\"elementor-widget-container\">\n\t\t\t\t\t<div\tclass=\"sc_item_button sc_button_wrap\" ><a href=\"tel:+4322186748\" class=\"sc_button sc_button_simple button_bg_icon_color sc_button_size_normal sc_button_with_icon sc_button_icon_left color_style_dark\" ><span class=\"sc_button_icon\"><span class=\"icon-call-1\"><\/span><\/span><span class=\"sc_button_text\"><span class=\"sc_button_title\">432-218-6748<\/span><\/span><\/a><a href=\"tel:4329016774\" class=\"sc_button sc_button_simple button_bg_icon_color sc_button_size_normal sc_button_with_icon sc_button_icon_left color_style_dark\" ><span class=\"sc_button_icon\"><span class=\"icon-mobile-light\"><\/span><\/span><span class=\"sc_button_text\"><span class=\"sc_button_title\">432-901-6774<\/span><\/span><\/a><\/div>\t\t\t\t<\/div>\n\t\t\t\t<\/div>\n\t\t\t\t\t<\/div>\n\t\t<\/div>\n\t\t\t\t\t<\/div>\n\t\t<\/section>\n\t\t\t\t<section class=\"elementor-section elementor-top-section elementor-element elementor-element-8609af3 elementor-section-boxed elementor-section-height-default elementor-section-height-default sc_fly_static\" data-id=\"8609af3\" data-element_type=\"section\" data-e-type=\"section\">\n\t\t\t\t\t\t<div class=\"elementor-container elementor-column-gap-extended\">\n\t\t\t\t\t<div class=\"elementor-column elementor-col-100 elementor-top-column elementor-element elementor-element-ce565fc sc_content_align_inherit sc_layouts_column_icons_position_left sc_fly_static\" data-id=\"ce565fc\" data-element_type=\"column\" data-e-type=\"column\">\n\t\t\t<div class=\"elementor-widget-wrap elementor-element-populated\">\n\t\t\t\t\t\t<div class=\"elementor-element elementor-element-a553f9d sc_height_huge sc_fly_static elementor-widget elementor-widget-spacer\" data-id=\"a553f9d\" data-element_type=\"widget\" data-e-type=\"widget\" data-widget_type=\"spacer.default\">\n\t\t\t\t<div class=\"elementor-widget-container\">\n\t\t\t\t\t\t\t<div class=\"elementor-spacer\">\n\t\t\t<div class=\"elementor-spacer-inner\"><\/div>\n\t\t<\/div>\n\t\t\t\t\t\t<\/div>\n\t\t\t\t<\/div>\n\t\t\t\t\t<\/div>\n\t\t<\/div>\n\t\t\t\t\t<\/div>\n\t\t<\/section>\n\t\t\t\t<section class=\"elementor-section elementor-top-section elementor-element elementor-element-fdc15ed elementor-section-content-middle scheme_dark elementor-section-boxed elementor-section-height-default elementor-section-height-default sc_fly_static\" data-id=\"fdc15ed\" data-element_type=\"section\" data-e-type=\"section\" data-settings=\"{&quot;background_background&quot;:&quot;classic&quot;}\">\n\t\t\t\t\t\t\t<div class=\"elementor-background-overlay\"><\/div>\n\t\t\t\t\t\t\t<div class=\"elementor-container elementor-column-gap-extended\">\n\t\t\t\t\t<div class=\"elementor-column elementor-col-100 elementor-top-column elementor-element elementor-element-d08ebbf sc-mobile_content_align_inherit sc_content_align_inherit sc_layouts_column_icons_position_left sc_fly_static\" data-id=\"d08ebbf\" data-element_type=\"column\" data-e-type=\"column\">\n\t\t\t<div class=\"elementor-widget-wrap elementor-element-populated\">\n\t\t\t\t\t\t<div class=\"elementor-element elementor-element-f619bfb sc_fly_static elementor-widget elementor-widget-spacer\" data-id=\"f619bfb\" data-element_type=\"widget\" data-e-type=\"widget\" data-widget_type=\"spacer.default\">\n\t\t\t\t<div class=\"elementor-widget-container\">\n\t\t\t\t\t\t\t<div class=\"elementor-spacer\">\n\t\t\t<div class=\"elementor-spacer-inner\"><\/div>\n\t\t<\/div>\n\t\t\t\t\t\t<\/div>\n\t\t\t\t<\/div>\n\t\t\t\t<div class=\"elementor-element elementor-element-a7116d2 sc_fly_static elementor-widget elementor-widget-heading\" data-id=\"a7116d2\" data-element_type=\"widget\" data-e-type=\"widget\" data-widget_type=\"heading.default\">\n\t\t\t\t<div class=\"elementor-widget-container\">\n\t\t\t\t\t<h2 class=\"elementor-heading-title elementor-size-default translation-block\">\"Nunca tengas miedo <span style=\"color:#022B4F\">comenzar de nuevo,<\/span> los nuevos comienzos traen las mejores oportunidades<span style=\"color:#022B4F\"> para tu vida.\" - ABR.<\/span><\/h2>\t\t\t\t<\/div>\n\t\t\t\t<\/div>\n\t\t\t\t<div class=\"elementor-element elementor-element-7062d92 sc_layouts_hide_on_mobile sc_fly_static elementor-widget elementor-widget-spacer\" data-id=\"7062d92\" data-element_type=\"widget\" data-e-type=\"widget\" data-widget_type=\"spacer.default\">\n\t\t\t\t<div class=\"elementor-widget-container\">\n\t\t\t\t\t\t\t<div class=\"elementor-spacer\">\n\t\t\t<div class=\"elementor-spacer-inner\"><\/div>\n\t\t<\/div>\n\t\t\t\t\t\t<\/div>\n\t\t\t\t<\/div>\n\t\t\t\t\t<\/div>\n\t\t<\/div>\n\t\t\t\t\t<\/div>\n\t\t<\/section>\n\t\t<div class=\"elementor-element elementor-element-ded19e0 e-con-full e-flex sc_layouts_column_icons_position_left e-con e-parent\" data-id=\"ded19e0\" data-element_type=\"container\" data-e-type=\"container\">\n\t\t<div class=\"e-con-gap-no elementor-element elementor-element-cf87d31 e-con-full e-flex sc_layouts_column_icons_position_left e-con e-child\" data-id=\"cf87d31\" data-element_type=\"container\" data-e-type=\"container\" data-settings=\"{&quot;background_background&quot;:&quot;classic&quot;}\">\n\t\t\t\t<\/div>\n\t\t\t\t<\/div>\n\t\t\t\t<section data-animation-type=\"block\" class=\"elementor-section elementor-top-section elementor-element elementor-element-ff6d793 elementor-section-content-middle scheme_dark animated-slow elementor-section-boxed elementor-section-height-default elementor-section-height-default sc_gradient_animation_none animation_type_block sc_fly_static elementor-invisible\" data-id=\"ff6d793\" data-element_type=\"section\" data-e-type=\"section\" data-settings=\"{&quot;background_background&quot;:&quot;gradient&quot;,&quot;animation&quot;:&quot;fadeInUp&quot;}\">\n\t\t\t\t\t\t\t<div class=\"elementor-background-overlay\"><\/div>\n\t\t\t\t\t\t\t<div class=\"elementor-container elementor-column-gap-extended\">\n\t\t\t\t\t<div class=\"elementor-column elementor-col-50 elementor-top-column elementor-element elementor-element-8989bb1 sc-mobile_content_align_inherit sc_content_align_inherit sc_layouts_column_icons_position_left sc_fly_static\" data-id=\"8989bb1\" data-element_type=\"column\" data-e-type=\"column\">\n\t\t\t<div class=\"elementor-widget-wrap elementor-element-populated\">\n\t\t\t\t\t\t<div class=\"elementor-element elementor-element-dbad535 sc_fly_static elementor-widget elementor-widget-spacer\" data-id=\"dbad535\" data-element_type=\"widget\" data-e-type=\"widget\" data-widget_type=\"spacer.default\">\n\t\t\t\t<div class=\"elementor-widget-container\">\n\t\t\t\t\t\t\t<div class=\"elementor-spacer\">\n\t\t\t<div class=\"elementor-spacer-inner\"><\/div>\n\t\t<\/div>\n\t\t\t\t\t\t<\/div>\n\t\t\t\t<\/div>\n\t\t\t\t<div class=\"elementor-element elementor-element-e954177 sc_fly_static elementor-widget elementor-widget-trx_sc_title\" data-id=\"e954177\" data-element_type=\"widget\" data-e-type=\"widget\" data-widget_type=\"trx_sc_title.default\">\n\t\t\t\t<div class=\"elementor-widget-container\">\n\t\t\t\t\t<div\t\tclass=\"sc_title sc_title_default\" ><h2 class=\"sc_item_title sc_title_title sc_item_title_style_default\"\n\t\t\t><span class=\"sc_item_title_text\">Professional accounting guidance starts here. Your initial consultation is free.<\/span><\/h2><\/div>\t\t\t\t<\/div>\n\t\t\t\t<\/div>\n\t\t\t\t<div class=\"elementor-element elementor-element-b8a6791 sc_layouts_hide_on_mobile sc_fly_static elementor-widget elementor-widget-spacer\" data-id=\"b8a6791\" data-element_type=\"widget\" data-e-type=\"widget\" data-widget_type=\"spacer.default\">\n\t\t\t\t<div class=\"elementor-widget-container\">\n\t\t\t\t\t\t\t<div class=\"elementor-spacer\">\n\t\t\t<div class=\"elementor-spacer-inner\"><\/div>\n\t\t<\/div>\n\t\t\t\t\t\t<\/div>\n\t\t\t\t<\/div>\n\t\t\t\t\t<\/div>\n\t\t<\/div>\n\t\t\t\t<div class=\"elementor-column elementor-col-50 elementor-top-column elementor-element elementor-element-0344d6a sc_layouts_column_align_right sc_layouts_column sc-mobile_layouts_column_align_left sc_layouts_column sc_content_align_inherit sc_layouts_column_icons_position_left sc_fly_static\" data-id=\"0344d6a\" data-element_type=\"column\" data-e-type=\"column\">\n\t\t\t<div class=\"elementor-widget-wrap elementor-element-populated\">\n\t\t\t\t\t\t<div class=\"elementor-element elementor-element-c9e18ce sc_fly_static elementor-widget elementor-widget-spacer\" data-id=\"c9e18ce\" data-element_type=\"widget\" data-e-type=\"widget\" data-widget_type=\"spacer.default\">\n\t\t\t\t<div class=\"elementor-widget-container\">\n\t\t\t\t\t\t\t<div class=\"elementor-spacer\">\n\t\t\t<div class=\"elementor-spacer-inner\"><\/div>\n\t\t<\/div>\n\t\t\t\t\t\t<\/div>\n\t\t\t\t<\/div>\n\t\t\t\t<div class=\"elementor-element elementor-element-ff84686 sc_fly_static elementor-widget elementor-widget-button\" data-id=\"ff84686\" data-element_type=\"widget\" data-e-type=\"widget\" data-widget_type=\"button.default\">\n\t\t\t\t<div class=\"elementor-widget-container\">\n\t\t\t\t\t\t\t\t\t<div class=\"elementor-button-wrapper\">\n\t\t\t\t\t<a class=\"elementor-button elementor-button-link elementor-size-sm\" href=\"https:\/\/calendly.com\/taxrightservics\" target=\"_blank\">\n\t\t\t\t\t\t<span class=\"elementor-button-content-wrapper\">\n\t\t\t\t\t\t\t\t\t<span class=\"elementor-button-text\">Free Consultation<\/span>\n\t\t\t\t\t<\/span>\n\t\t\t\t\t<\/a>\n\t\t\t\t<\/div>\n\t\t\t\t\t\t\t\t<\/div>\n\t\t\t\t<\/div>\n\t\t\t\t<div class=\"elementor-element elementor-element-ede43bb sc_fly_static elementor-widget elementor-widget-spacer\" data-id=\"ede43bb\" data-element_type=\"widget\" data-e-type=\"widget\" data-widget_type=\"spacer.default\">\n\t\t\t\t<div class=\"elementor-widget-container\">\n\t\t\t\t\t\t\t<div class=\"elementor-spacer\">\n\t\t\t<div class=\"elementor-spacer-inner\"><\/div>\n\t\t<\/div>\n\t\t\t\t\t\t<\/div>\n\t\t\t\t<\/div>\n\t\t\t\t\t<\/div>\n\t\t<\/div>\n\t\t\t\t\t<\/div>\n\t\t<\/section>\n\t\t\t\t<\/div>","protected":false},"excerpt":{"rendered":"<p>About us ariana retana Founder Tax Professional Our journey began 14 years ago when our founder and owner made the brave move from Mexico to the U.S. Like many immigrants,&hellip;<\/p>","protected":false},"author":1,"featured_media":0,"parent":0,"menu_order":0,"comment_status":"closed","ping_status":"closed","template":"","meta":{"footnotes":""},"class_list":["post-3738","page","type-page","status-publish","hentry"],"_links":{"self":[{"href":"https:\/\/taxrightss.com\/es\/wp-json\/wp\/v2\/pages\/3738","targetHints":{"allow":["GET"]}}],"collection":[{"href":"https:\/\/taxrightss.com\/es\/wp-json\/wp\/v2\/pages"}],"about":[{"href":"https:\/\/taxrightss.com\/es\/wp-json\/wp\/v2\/types\/page"}],"author":[{"embeddable":true,"href":"https:\/\/taxrightss.com\/es\/wp-json\/wp\/v2\/users\/1"}],"replies":[{"embeddable":true,"href":"https:\/\/taxrightss.com\/es\/wp-json\/wp\/v2\/comments?post=3738"}],"version-history":[{"count":122,"href":"https:\/\/taxrightss.com\/es\/wp-json\/wp\/v2\/pages\/3738\/revisions"}],"predecessor-version":[{"id":23581,"href":"https:\/\/taxrightss.com\/es\/wp-json\/wp\/v2\/pages\/3738\/revisions\/23581"}],"wp:attachment":[{"href":"https:\/\/taxrightss.com\/es\/wp-json\/wp\/v2\/media?parent=3738"}],"curies":[{"name":"wp","href":"https:\/\/api.w.org\/{rel}","templated":true}]}}